{"id":60,"date":"2025-05-06T11:16:17","date_gmt":"2025-05-06T09:16:17","guid":{"rendered":"https:\/\/cybertemplar.fr\/?page_id=60"},"modified":"2025-05-06T11:28:52","modified_gmt":"2025-05-06T09:28:52","slug":"sinformer-avec-cybertemplar","status":"publish","type":"page","link":"https:\/\/cybertemplar.fr\/?page_id=60","title":{"rendered":"Les attaques en vogue"},"content":{"rendered":"\n<h4 class=\"wp-block-heading\"><strong><mark style=\"background-color:rgba(0, 0, 0, 0)\" class=\"has-inline-color has-cyan-color\">Les types d&#8217;attaques sont nombreuses et vari\u00e9es<\/mark><\/strong>, allant d&#8217;un email frauduleux \u00e0 l&#8217;infiltration d&#8217;un r\u00e9seau ou encore une prise de contr\u00f4le totale d&#8217;une machine. Il est important de savoir quelles sont les m\u00e9thodes employ\u00e9es par les attaquants de nos jours. Elles sont d&#8217;autant plus nombreuses gr\u00e2ce \u00e0 l&#8217;IA, qui facilite le travail des cybercriminels <strong>m\u00eame les plus amateurs<\/strong>.<\/h4>\n\n\n\n<div style=\"height:40px\" aria-hidden=\"true\" class=\"wp-block-spacer\"><\/div>\n\n\n\n<ul class=\"wp-block-list has-border-color has-secondary-border-color\">\n<li class=\"has-secondary-color has-text-color has-link-color has-medium-font-size wp-elements-2eb323491aa93b88c1d5b02736c24d61\"><strong><a href=\"#les_attaques_de_cha\u00eenes\">Les attaques de chaine d&#8217;approvisionnement<\/a><\/strong><\/li>\n\n\n\n<li class=\"has-secondary-color has-text-color has-link-color has-medium-font-size wp-elements-acdf57a4879189398c3bd963b6db73f9\"><strong><a href=\"#le_fishing\" data-type=\"internal\" data-id=\"#le_fishing\">Le fishing<\/a><\/strong><\/li>\n\n\n\n<li class=\"has-foreground-color has-text-color has-link-color has-medium-font-size wp-elements-4feaa3feca87f5a80657b691dc0e7a0a\"><strong><a href=\"#IA\">IA : DeepFake et synth\u00e8se vocal<\/a><\/strong><\/li>\n\n\n\n<li class=\"has-foreground-color has-text-color has-link-color has-medium-font-size wp-elements-21156ef90b8aefec35dd1f19d7f999d8\"><strong><a href=\"#attaque-interne-et-ingenierie-social\">Attaque interne et ing\u00e9nierie social<\/a><\/strong><\/li>\n\n\n\n<li class=\"has-foreground-color has-text-color has-link-color has-medium-font-size wp-elements-1b5ceb08b018b049afad76e94a0c6bda\"><strong><a href=\"#ransomware\">Ran\u00e7ongiciel<\/a><\/strong><\/li>\n\n\n\n<li class=\"has-foreground-color has-text-color has-link-color has-medium-font-size wp-elements-0650df35e405c0507ecf611dc0ebd194\"><strong><a href=\"#et-bien-plus-encore\">Et bien plus encore&#8230;<\/a><\/strong><\/li>\n<\/ul>\n\n\n\n<div style=\"height:75px\" aria-hidden=\"true\" class=\"wp-block-spacer\"><\/div>\n\n\n\n<h2 class=\"wp-block-heading\" id=\"les_attaques_de_cha\u00eenes\">Les attaques de chaine d&#8217;approvisionnement<\/h2>\n\n\n\n<blockquote class=\"wp-block-quote is-layout-flow wp-block-quote-is-layout-flow\">\n<p>Ce type d\u2019attaque consiste \u00e0 compromettre un tiers, comme un fournisseur de services logiciels ou un prestataire, afin de cibler la victime finale.<\/p>\n\n\n\n<p class=\"has-foreground-color has-text-color has-small-font-size\">~ <em>ANSSI | <a href=\"https:\/\/cyber.gouv.fr\/tendances-les-cybermenaces\">https:\/\/cyber.gouv.fr\/tendances-les-cybermenaces<\/a><\/em><\/p>\n<\/blockquote>\n\n\n\n<pre class=\"wp-block-preformatted\" style=\"border-style:solid\">Cette m\u00e9thode est entr\u00e9e \u00e0 la mode en <strong><mark style=\"background-color:rgba(0, 0, 0, 0)\" class=\"has-inline-color has-primary-color\">2016 <\/mark><\/strong>et depuis ne fait que de croitre. <strong><mark style=\"background-color:rgba(0, 0, 0, 0)\" class=\"has-inline-color has-primary-color\">La majorit\u00e9 des attaques contre les PME viennent de ces attaques<\/mark>.<\/strong> L'attaque de chaines d'approvisionnement peu vite infecter toute un r\u00e9seau, <mark style=\"background-color:rgba(0, 0, 0, 0)\" class=\"has-inline-color has-cyan-color\"><strong>voir toute une r\u00e9gion<\/strong>. <\/mark><\/pre>\n\n\n\n<div style=\"height:40px\" aria-hidden=\"true\" class=\"wp-block-spacer\"><\/div>\n\n\n\n<h2 class=\"wp-block-heading\" id=\"le_fishing\">Le fishing (ou hame\u00e7onnage)<\/h2>\n\n\n\n<pre class=\"wp-block-preformatted\" style=\"border-style:solid\"><strong>L'attaque la plus r\u00e9pandu de toute<\/strong>, personne n'est \u00e0 l'abris d'une tentative d'hame\u00e7onnage. Et tout les moyens sont bons : <strong>usurpation d'identit\u00e9, copier le format de mail d'une entit\u00e9 importante, et bien plus encore<\/strong>. Les attaquants peuvent m\u00eame se faire passer pour un de vos proches : nous passons donc au <mark style=\"background-color:rgba(0, 0, 0, 0)\" class=\"has-inline-color has-primary-color\">spearfishing (l'harponnage)<\/mark> qui est tout pareil que le fishing, sauf que l'attaquant se renseignera sur votre entourage et votre activit\u00e9 avant de tenter de vous escroquez pour \u00eatre plus convainquant.<\/pre>\n\n\n\n<h3 class=\"wp-block-heading\">Exemple : <\/h3>\n\n\n\n<figure class=\"wp-block-image aligncenter size-full is-resized\"><img loading=\"lazy\" decoding=\"async\" width=\"607\" height=\"502\" src=\"https:\/\/cybertemplar.fr\/wp-content\/uploads\/2025\/05\/Capture-decran-2025-05-05-094220.png\" alt=\"\" class=\"wp-image-85\" style=\"width:540px;height:auto\" srcset=\"https:\/\/cybertemplar.fr\/wp-content\/uploads\/2025\/05\/Capture-decran-2025-05-05-094220.png 607w, https:\/\/cybertemplar.fr\/wp-content\/uploads\/2025\/05\/Capture-decran-2025-05-05-094220-300x248.png 300w\" sizes=\"auto, (max-width: 607px) 100vw, 607px\" \/><\/figure>\n\n\n\n<div style=\"height:40px\" aria-hidden=\"true\" class=\"wp-block-spacer\"><\/div>\n\n\n\n<h2 class=\"wp-block-heading\" id=\"IA\">IA : DeepFake et synth\u00e8se vocal<\/h2>\n\n\n\n<pre class=\"wp-block-preformatted\" style=\"border-style:solid\">De plus en plus \u00e0 la mode aussi, et cela ne va qu'augmenter avec l'avanc\u00e9 des intelligences artificielles. <strong><mark style=\"background-color:rgba(0, 0, 0, 0)\" class=\"has-inline-color has-cyan-color\">DeepFake <\/mark><\/strong>est un logiciel permettant de des photos\/vid\u00e9o d'une personne. Les attaquants l'utilisent souvent pour cr\u00e9er des fausses vid\u00e9os ou photos. Accompagn\u00e9 d'<strong><mark style=\"background-color:rgba(0, 0, 0, 0)\" class=\"has-inline-color has-primary-color\">une synth\u00e8se vocal<\/mark><\/strong>, les vid\u00e9os peuvent \u00eatre encore plus convaincantes. <strong>L'hame\u00e7onnage est encore plus efficace avec l'IA<\/strong>.<br><br><\/pre>\n\n\n\n<div style=\"height:40px\" aria-hidden=\"true\" class=\"wp-block-spacer\"><\/div>\n\n\n\n<h2 class=\"wp-block-heading\" id=\"attaque-interne-et-ingenierie-social\">Attaque interne et ing\u00e9nierie social<\/h2>\n\n\n\n<pre class=\"wp-block-preformatted\" style=\"border-style:solid\">Une attaque un peu plus pouss\u00e9, elle consiste \u00e0 directement s'infiltrer dans le syst\u00e8me informatique en int\u00e9grant la soci\u00e9t\u00e9. <strong><mark style=\"background-color:rgba(0, 0, 0, 0)\" class=\"has-inline-color has-primary-color\">Un employ\u00e9, un responsable ou encore un technicien informatique<\/mark><\/strong> peut \u00eatre mal attentionn\u00e9 et vendre les donn\u00e9es d'acc\u00e8s du syst\u00e8me de l'entreprise sur le <mark style=\"background-color:rgba(0, 0, 0, 0)\" class=\"has-inline-color has-cyan-color\">DarkWeb<\/mark>, menant \u00e0 une attaque dans le future. Ou encore, comme se qui c'est pass\u00e9 en 2024 chez le fabriquant d'ordinateur ACEMAGIC, <mark style=\"background-color:rgba(0, 0, 0, 0)\" class=\"has-inline-color has-primary-color\">infecter les produits vendu avec un malware\/spyware.<\/mark><br><br>Ref : <em><a href=\"https:\/\/www.minimachines.net\/actu\/acemagic-spywares-125366\" target=\"_blank\" rel=\"noreferrer noopener\">https:\/\/www.minimachines.net\/actu\/acemagic-spywares-125366<\/a><\/em><\/pre>\n\n\n\n<div style=\"height:40px\" aria-hidden=\"true\" class=\"wp-block-spacer\"><\/div>\n\n\n\n<h2 class=\"wp-block-heading\" id=\"ransomware\">Ran\u00e7ongiciel<\/h2>\n\n\n\n<pre class=\"wp-block-preformatted\" style=\"border-style:solid\">Aussi appel\u00e9 ransomware, cette attaque et la plus mena\u00e7ante. Elle se d\u00e9finit par <mark style=\"background-color:rgba(0, 0, 0, 0)\" class=\"has-inline-color has-primary-color\">un cryptage et des donn\u00e9es<\/mark> de la victime et <mark style=\"background-color:rgba(0, 0, 0, 0)\" class=\"has-inline-color has-primary-color\">une demande de ran\u00e7on<\/mark> sous la menace d'exposer les donn\u00e9es de la victime sur le <mark style=\"background-color:rgba(0, 0, 0, 0)\" class=\"has-inline-color has-cyan-color\">DarkWeb<\/mark>. <strong><mark style=\"background-color:rgba(0, 0, 0, 0)\" class=\"has-inline-color has-primary-color\">18% des PME en France<\/mark><\/strong> qui ont subi une attaque ont eu une attaque ran\u00e7ongiciel.<\/pre>\n\n\n\n<div style=\"height:40px\" aria-hidden=\"true\" class=\"wp-block-spacer\"><\/div>\n\n\n\n<h2 class=\"wp-block-heading\" id=\"et-bien-plus-encore\">Et bien plus encore&#8230;<\/h2>\n\n\n\n<pre class=\"wp-block-preformatted\" style=\"border-style:solid\"><strong><mark style=\"background-color:rgba(0, 0, 0, 0)\" class=\"has-inline-color has-primary-color\">Injection SQL, DDoS, virus, cheval de Troie,<\/mark><\/strong> les types d'attaques sont tr\u00e8s vari\u00e9s et \u00e9volues de mani\u00e8re exponentiel. De nouvelles attaques et exploitations de failles sont observ\u00e9es tout les jours. <strong><em><mark style=\"background-color:rgba(0, 0, 0, 0)\" class=\"has-inline-color has-cyan-color\">Les attaquants se sp\u00e9cialisent de plus en plus, perfectionnant leurs m\u00e9thodes.<\/mark><\/em><\/strong><br> <br>Il est donc important de perfectionner votre d\u00e9fense contre la cyber menace. <br>Avec <strong><mark style=\"background-color:rgba(0, 0, 0, 0)\" class=\"has-inline-color has-primary-color\">Cyber Templar<\/mark><\/strong>, se d\u00e9fendre vous contre la menace et d\u00e9jouer les attaques n'a jamais \u00e9t\u00e9 aussi facile.<\/pre>\n\n\n\n<div class=\"wp-block-buttons is-horizontal is-content-justification-center is-layout-flex wp-container-core-buttons-is-layout-9154f467 wp-block-buttons-is-layout-flex\">\n<div class=\"wp-block-button\"><a class=\"wp-block-button__link has-text-align-center wp-element-button\">Demander un audit<\/a><\/div>\n<\/div>\n","protected":false},"excerpt":{"rendered":"<p>Les types d&#8217;attaques sont nombreuses et vari\u00e9es, allant d&#8217;un email frauduleux \u00e0 l&#8217;infiltration d&#8217;un r\u00e9seau [&hellip;]<\/p>\n","protected":false},"author":1,"featured_media":0,"parent":0,"menu_order":0,"comment_status":"closed","ping_status":"closed","template":"","meta":{"footnotes":""},"class_list":["post-60","page","type-page","status-publish","hentry"],"_links":{"self":[{"href":"https:\/\/cybertemplar.fr\/index.php?rest_route=\/wp\/v2\/pages\/60","targetHints":{"allow":["GET"]}}],"collection":[{"href":"https:\/\/cybertemplar.fr\/index.php?rest_route=\/wp\/v2\/pages"}],"about":[{"href":"https:\/\/cybertemplar.fr\/index.php?rest_route=\/wp\/v2\/types\/page"}],"author":[{"embeddable":true,"href":"https:\/\/cybertemplar.fr\/index.php?rest_route=\/wp\/v2\/users\/1"}],"replies":[{"embeddable":true,"href":"https:\/\/cybertemplar.fr\/index.php?rest_route=%2Fwp%2Fv2%2Fcomments&post=60"}],"version-history":[{"count":22,"href":"https:\/\/cybertemplar.fr\/index.php?rest_route=\/wp\/v2\/pages\/60\/revisions"}],"predecessor-version":[{"id":115,"href":"https:\/\/cybertemplar.fr\/index.php?rest_route=\/wp\/v2\/pages\/60\/revisions\/115"}],"wp:attachment":[{"href":"https:\/\/cybertemplar.fr\/index.php?rest_route=%2Fwp%2Fv2%2Fmedia&parent=60"}],"curies":[{"name":"wp","href":"https:\/\/api.w.org\/{rel}","templated":true}]}}