{"id":91,"date":"2025-05-06T11:16:30","date_gmt":"2025-05-06T09:16:30","guid":{"rendered":"https:\/\/cybertemplar.fr\/?page_id=91"},"modified":"2025-05-06T11:16:30","modified_gmt":"2025-05-06T09:16:30","slug":"tous-concernes","status":"publish","type":"page","link":"https:\/\/cybertemplar.fr\/?page_id=91","title":{"rendered":"Tous Concern\u00e9s"},"content":{"rendered":"\n<h3 class=\"wp-block-heading\"><strong><mark style=\"background-color:rgba(0, 0, 0, 0)\" class=\"has-inline-color has-primary-color\">La cybermenace est pareil pour tout le monde<\/mark><\/strong> : de la plus grande entreprise au particulier, nous y sommes tous expos\u00e9 tout les jours. La raison majeur pour laquelle elle est toujours aussi grande est \u00e0 cause d&#8217;<mark style=\"background-color:rgba(0, 0, 0, 0)\" class=\"has-inline-color has-cyan-color\">un manque de consid\u00e9ration chez les utilisateurs<\/mark>. Beaucoup trop d&#8217;entre nous aujourd&#8217;hui n\u00e9glige l&#8217;importance de prot\u00e9ger son ordinateur ou r\u00e9seau.<\/h3>\n\n\n\n<p>En n\u00e9gligeant ceci, nous devenons aussi <mark style=\"background-color:rgba(0, 0, 0, 0)\" class=\"has-inline-color has-primary-color\">une menace pour notre entourage<\/mark>. Par exemple, il est tr\u00e8s r\u00e9pandu que parce que nous sommes un particulier ou une PME on n&#8217;aurait aucune importance. <mark style=\"background-color:rgba(0, 0, 0, 0)\" class=\"has-inline-color has-primary-color\">Mais bien au contraire !<\/mark> Parce que justement \u00e0 cause de cette id\u00e9e r\u00e9pandu, aujourd&#8217;hui les attaques sont centralis\u00e9 sur les PME et collectivit\u00e9 (en France).<\/p>\n\n\n\n<h2 class=\"wp-block-heading\">Mais alors, comment y rem\u00e9dier ?<\/h2>\n\n\n\n<p>La premi\u00e8re solution serait de <mark style=\"background-color:rgba(0, 0, 0, 0)\" class=\"has-inline-color has-primary-color\">sensibiliser d&#8217;avantage les utilisateurs<\/mark>. Encore trop peu de personne ne savent ce que c&#8217;est la cybers\u00e9curit\u00e9, en quoi \u00e7a consiste et pourquoi c&#8217;est aussi important. La cybermenace peu d\u00e9j\u00e0 grandement baisser si tout les utilisateurs peuvent reconna\u00eetre les attaques les plus r\u00e9pandues telles que<mark style=\"background-color:rgba(0, 0, 0, 0)\" class=\"has-inline-color has-cyan-color\"> l&#8217;hame\u00e7onnage ou l&#8217;harponnage.<\/mark><\/p>\n\n\n\n<p>D&#8217;autant plus que pour ces genres d&#8217;attaques, pas besoins d&#8217;\u00eatre un pro de l&#8217;informatique pour \u00e9viter ces attaques frauduleuses : <mark style=\"background-color:rgba(0, 0, 0, 0)\" class=\"has-inline-color has-primary-color\">un bon sens de l&#8217;observation suffis largement \u00e0 d\u00e9jouer la tentative.<\/mark><\/p>\n\n\n\n<h2 class=\"wp-block-heading\">Cyber Templar vous propose donc le produit de l&#8217;un de ses partenaires : <mark style=\"background-color:rgba(0, 0, 0, 0)\" class=\"has-inline-color has-cyan-color\">Mantra<\/mark><\/h2>\n\n\n\n<p><mark style=\"background-color:rgba(0, 0, 0, 0)\" class=\"has-inline-color has-cyan-color\">Mantra <\/mark>est un logiciel simulant des mails d&#8217;hame\u00e7onnages, avec un syst\u00e8me de notation si vous trouver les mails correspondant et les signalez. <mark style=\"background-color:rgba(0, 0, 0, 0)\" class=\"has-inline-color has-cyan-color\">Mantra <\/mark>correspond aux grandes entreprises et aux particuliers et permet de formez vous et\/ou votre \u00e9quipe, permettant de consid\u00e9rablement r\u00e9duire la menace dans votre espace de travail et\/ou personnel<\/p>\n\n\n\n<h1 class=\"wp-block-heading\">N&#8217;attendez plus : choisissez <mark style=\"background-color:rgba(0, 0, 0, 0)\" class=\"has-inline-color has-cyan-color\">Mantra<\/mark><\/h1>\n\n\n\n<div class=\"wp-block-buttons is-layout-flex wp-block-buttons-is-layout-flex\">\n<div class=\"wp-block-button\"><a class=\"wp-block-button__link wp-element-button\">Essayer Mantra<\/a><\/div>\n<\/div>\n","protected":false},"excerpt":{"rendered":"<p>La cybermenace est pareil pour tout le monde : de la plus grande entreprise au [&hellip;]<\/p>\n","protected":false},"author":1,"featured_media":0,"parent":0,"menu_order":0,"comment_status":"closed","ping_status":"closed","template":"","meta":{"footnotes":""},"class_list":["post-91","page","type-page","status-publish","hentry"],"_links":{"self":[{"href":"https:\/\/cybertemplar.fr\/index.php?rest_route=\/wp\/v2\/pages\/91","targetHints":{"allow":["GET"]}}],"collection":[{"href":"https:\/\/cybertemplar.fr\/index.php?rest_route=\/wp\/v2\/pages"}],"about":[{"href":"https:\/\/cybertemplar.fr\/index.php?rest_route=\/wp\/v2\/types\/page"}],"author":[{"embeddable":true,"href":"https:\/\/cybertemplar.fr\/index.php?rest_route=\/wp\/v2\/users\/1"}],"replies":[{"embeddable":true,"href":"https:\/\/cybertemplar.fr\/index.php?rest_route=%2Fwp%2Fv2%2Fcomments&post=91"}],"version-history":[{"count":6,"href":"https:\/\/cybertemplar.fr\/index.php?rest_route=\/wp\/v2\/pages\/91\/revisions"}],"predecessor-version":[{"id":102,"href":"https:\/\/cybertemplar.fr\/index.php?rest_route=\/wp\/v2\/pages\/91\/revisions\/102"}],"wp:attachment":[{"href":"https:\/\/cybertemplar.fr\/index.php?rest_route=%2Fwp%2Fv2%2Fmedia&parent=91"}],"curies":[{"name":"wp","href":"https:\/\/api.w.org\/{rel}","templated":true}]}}